{"id":126,"date":"2022-02-15T17:35:34","date_gmt":"2022-02-15T16:35:34","guid":{"rendered":"http:\/\/raidlandesaventure.fr\/?page_id=126"},"modified":"2022-02-17T15:07:52","modified_gmt":"2022-02-17T14:07:52","slug":"challenge-vendee-orientation","status":"publish","type":"page","link":"https:\/\/raidlandesaventure.fr\/?page_id=126","title":{"rendered":"Challenge Vend\u00e9e Orientation"},"content":{"rendered":"\n<p class=\"has-text-align-justify\">Nous vous donnons rendez-vous le dimanche 13 mars 2022 \u00e0 Clisson au Coll\u00e8ge Immacul\u00e9e Conception La Salle \u00e0 partir de 8h30.<\/p>\n\n\n\n<p class=\"has-text-align-justify\">Pour la course d&rsquo;orientation, veuillez vous inscrire en cliquant sur le lien ci-dessous. Il n&rsquo;y aura pas d&rsquo;inscription sur place.<\/p>\n\n\n\n<p> <a href=\"https:\/\/www.helloasso.com\/associations\/raid-aventure-pays-de-vie-3\/evenements\/5eme-manche-du-challenge-vendee-orientation-2021-2022\" target=\"_blank\" rel=\"noreferrer noopener\">https:\/\/www.helloasso.com\/associations\/raid-aventure-pays-de-vie-3\/evenements\/5eme-manche-du-challenge-vendee-orientation-2021-2022<\/a><\/p>\n\n\n\n<p class=\"has-text-align-justify\">Pour la randonn\u00e9e d&rsquo;orientation, vous pouvez vous inscrire en envoyant un mail \u00e0 raidlandesaventure44@orange.fr. Les inscriptions seront prises sur place.<\/p>\n\n\n\n<iframe src=\"https:\/\/www.google.com\/maps\/embed?pb=!1m18!1m12!1m3!1d2716.2256830751253!2d-1.2840122842616197!3d47.09464623119531!2m3!1f0!2f0!3f0!3m2!1i1024!2i768!4f13.1!3m3!1m2!1s0x4806750b7fdb7021%3A0x21d52ab13c8fdb39!2sColl%C3%A8ge%20Immacul%C3%A9e%20Conception%20La%20Salle!5e0!3m2!1sfr!2sfr!4v1644942006271!5m2!1sfr!2sfr\" style=\"border:0;\" allowfullscreen=\"\" loading=\"lazy\" width=\"600\" height=\"450\"><\/iframe>\n\n\n\n<div class=\"wp-block-columns is-layout-flex wp-container-core-columns-is-layout-28f84493 wp-block-columns-is-layout-flex\">\n<div class=\"wp-block-column is-layout-flow wp-block-column-is-layout-flow\" style=\"flex-basis:100%\">\n<div class=\"wp-block-group is-layout-flow wp-block-group-is-layout-flow\">\n<div class=\"wp-block-columns is-layout-flex wp-container-core-columns-is-layout-28f84493 wp-block-columns-is-layout-flex\">\n<div class=\"wp-block-column is-layout-flow wp-block-column-is-layout-flow\" style=\"flex-basis:100%\">\n<div class=\"wp-block-columns is-layout-flex wp-container-core-columns-is-layout-28f84493 wp-block-columns-is-layout-flex\">\n<div class=\"wp-block-column is-layout-flow wp-block-column-is-layout-flow\" style=\"flex-basis:100%\">\n<div class=\"wp-block-image\"><figure class=\"aligncenter\"><img loading=\"lazy\" decoding=\"async\" width=\"530\" height=\"750\" src=\"http:\/\/raidlandesaventure.fr\/wp-content\/uploads\/2022\/02\/2022-Affiche_CO.png\" alt=\"\" class=\"wp-image-76\" srcset=\"https:\/\/raidlandesaventure.fr\/wp-content\/uploads\/2022\/02\/2022-Affiche_CO.png 530w, https:\/\/raidlandesaventure.fr\/wp-content\/uploads\/2022\/02\/2022-Affiche_CO-212x300.png 212w\" sizes=\"auto, (max-width: 530px) 100vw, 530px\" \/><\/figure><\/div>\n<\/div>\n<\/div>\n<\/div>\n<\/div>\n<\/div>\n<\/div>\n<\/div>\n","protected":false},"excerpt":{"rendered":"<p>Nous vous donnons rendez-vous le dimanche 13 mars 2022 \u00e0 Clisson au Coll\u00e8ge Immacul\u00e9e Conception La Salle \u00e0 partir de 8h30. Pour la course d&rsquo;orientation, veuillez vous inscrire en cliquant sur le lien ci-dessous. Il n&rsquo;y aura pas d&rsquo;inscription sur place. https:\/\/www.helloasso.com\/associations\/raid-aventure-pays-de-vie-3\/evenements\/5eme-manche-du-challenge-vendee-orientation-2021-2022 Pour la randonn\u00e9e d&rsquo;orientation, vous pouvez vous inscrire en envoyant un mail \u00e0 [&hellip;]<\/p>\n","protected":false},"author":1,"featured_media":0,"parent":0,"menu_order":0,"comment_status":"closed","ping_status":"closed","template":"","meta":{"_editorskit_title_hidden":false,"_editorskit_reading_time":1,"_editorskit_is_block_options_detached":false,"_editorskit_block_options_position":"{}","site-sidebar-layout":"default","site-content-layout":"","ast-site-content-layout":"default","site-content-style":"default","site-sidebar-style":"default","ast-global-header-display":"","ast-banner-title-visibility":"","ast-main-header-display":"","ast-hfb-above-header-display":"","ast-hfb-below-header-display":"","ast-hfb-mobile-header-display":"","site-post-title":"","ast-breadcrumbs-content":"","ast-featured-img":"","footer-sml-layout":"","theme-transparent-header-meta":"","adv-header-id-meta":"","stick-header-meta":"","header-above-stick-meta":"","header-main-stick-meta":"","header-below-stick-meta":"","astra-migrate-meta-layouts":"default","ast-page-background-enabled":"default","ast-page-background-meta":{"desktop":{"background-color":"var(--ast-global-color-4)","background-image":"","background-repeat":"repeat","background-position":"center center","background-size":"auto","background-attachment":"scroll","background-type":"","background-media":"","overlay-type":"","overlay-color":"","overlay-opacity":"","overlay-gradient":""},"tablet":{"background-color":"","background-image":"","background-repeat":"repeat","background-position":"center center","background-size":"auto","background-attachment":"scroll","background-type":"","background-media":"","overlay-type":"","overlay-color":"","overlay-opacity":"","overlay-gradient":""},"mobile":{"background-color":"","background-image":"","background-repeat":"repeat","background-position":"center center","background-size":"auto","background-attachment":"scroll","background-type":"","background-media":"","overlay-type":"","overlay-color":"","overlay-opacity":"","overlay-gradient":""}},"ast-content-background-meta":{"desktop":{"background-color":"var(--ast-global-color-5)","background-image":"","background-repeat":"repeat","background-position":"center center","background-size":"auto","background-attachment":"scroll","background-type":"","background-media":"","overlay-type":"","overlay-color":"","overlay-opacity":"","overlay-gradient":""},"tablet":{"background-color":"var(--ast-global-color-5)","background-image":"","background-repeat":"repeat","background-position":"center center","background-size":"auto","background-attachment":"scroll","background-type":"","background-media":"","overlay-type":"","overlay-color":"","overlay-opacity":"","overlay-gradient":""},"mobile":{"background-color":"var(--ast-global-color-5)","background-image":"","background-repeat":"repeat","background-position":"center center","background-size":"auto","background-attachment":"scroll","background-type":"","background-media":"","overlay-type":"","overlay-color":"","overlay-opacity":"","overlay-gradient":""}},"footnotes":""},"class_list":["post-126","page","type-page","status-publish","hentry"],"_links":{"self":[{"href":"https:\/\/raidlandesaventure.fr\/index.php?rest_route=\/wp\/v2\/pages\/126","targetHints":{"allow":["GET"]}}],"collection":[{"href":"https:\/\/raidlandesaventure.fr\/index.php?rest_route=\/wp\/v2\/pages"}],"about":[{"href":"https:\/\/raidlandesaventure.fr\/index.php?rest_route=\/wp\/v2\/types\/page"}],"author":[{"embeddable":true,"href":"https:\/\/raidlandesaventure.fr\/index.php?rest_route=\/wp\/v2\/users\/1"}],"replies":[{"embeddable":true,"href":"https:\/\/raidlandesaventure.fr\/index.php?rest_route=%2Fwp%2Fv2%2Fcomments&post=126"}],"version-history":[{"count":8,"href":"https:\/\/raidlandesaventure.fr\/index.php?rest_route=\/wp\/v2\/pages\/126\/revisions"}],"predecessor-version":[{"id":180,"href":"https:\/\/raidlandesaventure.fr\/index.php?rest_route=\/wp\/v2\/pages\/126\/revisions\/180"}],"wp:attachment":[{"href":"https:\/\/raidlandesaventure.fr\/index.php?rest_route=%2Fwp%2Fv2%2Fmedia&parent=126"}],"curies":[{"name":"wp","href":"https:\/\/api.w.org\/{rel}","templated":true}]}}