{"id":154,"date":"2022-02-17T14:06:48","date_gmt":"2022-02-17T13:06:48","guid":{"rendered":"http:\/\/raidlandesaventure.fr\/?page_id=154"},"modified":"2022-02-17T15:09:14","modified_gmt":"2022-02-17T14:09:14","slug":"parcours-numeriques","status":"publish","type":"page","link":"https:\/\/raidlandesaventure.fr\/?page_id=154","title":{"rendered":"Parcours num\u00e9riques permanents"},"content":{"rendered":"\n<p>Un grand merci \u00e0 Jean-Mi pour ces diff\u00e9rents parcours num\u00e9riques. <\/p>\n\n\n\n<p class=\"has-text-align-justify\">Pour effectuer ces diff\u00e9rents parcours, il te faut un smartphone avec une connexion Internet (sur place, il n&rsquo;y a pas de Wifi) et GPS. Ton t\u00e9l\u00e9phone doit \u00eatre suffisamment charg\u00e9. Rends-toi sur un des parcours ci-dessous et cliques sur le bouton correspondant \u00e0 ton choix.<\/p>\n\n\n\n<p class=\"has-luminous-vivid-amber-color has-text-color has-medium-font-size\">Parcours \u00e0 l&rsquo;\u00e9tang Beau-Soleil \u00e0 la Bruffi\u00e8re (85)<\/p>\n\n\n\n<div class=\"wp-block-buttons is-content-justification-space-between is-layout-flex wp-container-core-buttons-is-layout-b2891da8 wp-block-buttons-is-layout-flex\">\n<div class=\"wp-block-button has-custom-width wp-block-button__width-100 is-style-outline is-style-outline--1\"><a class=\"wp-block-button__link\" href=\"https:\/\/formulaire-co.space\/Mini_CO\/accueil.php\" style=\"border-radius:25px\" target=\"_blank\" rel=\"noreferrer noopener\">La Bruffi\u00e8re : <strong> Etang Beau Soleil<\/strong><\/a><\/div>\n<\/div>\n\n\n\n<div class=\"wp-block-columns is-layout-flex wp-container-core-columns-is-layout-28f84493 wp-block-columns-is-layout-flex\">\n<div class=\"wp-block-column is-layout-flow wp-block-column-is-layout-flow\">\n<div style=\"height:25px\" aria-hidden=\"true\" class=\"wp-block-spacer\"><\/div>\n<\/div>\n<\/div>\n\n\n\n<iframe src=\"https:\/\/www.google.com\/maps\/embed?pb=!1m18!1m12!1m3!1d5439.12666681096!2d-1.212358348839377!3d47.02917571372138!2m3!1f0!2f0!3f0!3m2!1i1024!2i768!4f13.1!3m3!1m2!1s0x4806710a3a9bc661%3A0xad3a1122152cfb12!2sPlan%20d'eau%20de%20beau%20soleil!5e0!3m2!1sfr!2sfr!4v1645101927972!5m2!1sfr!2sfr\" style=\"border:0;\" allowfullscreen=\"\" loading=\"lazy\" width=\"600\" height=\"250\"><\/iframe>\n<hr>\n\n\n\n<p class=\"has-luminous-vivid-amber-color has-text-color has-medium-font-size\">Parcours \u00e0 Clisson (44) &#8211; Rue des Tisserands<\/p>\n\n\n\n<p><\/p>\n\n\n\n<div class=\"wp-block-buttons is-layout-flex wp-block-buttons-is-layout-flex\">\n<div class=\"wp-block-button has-custom-width wp-block-button__width-100 is-style-outline is-style-outline--2\"><a class=\"wp-block-button__link\" href=\"https:\/\/formulaire-co.space\/co_photos_clisson\/accueil.php\" target=\"_blank\" rel=\"noreferrer noopener\">Clisson : Rue des Tisserands<\/a><\/div>\n<\/div>\n\n\n\n<div style=\"height:25px\" aria-hidden=\"true\" class=\"wp-block-spacer\"><\/div>\n\n\n\n<iframe src=\"https:\/\/www.google.com\/maps\/embed?pb=!1m18!1m12!1m3!1d659.8527578836835!2d-1.2797298334586218!3d47.084335628425634!2m3!1f0!2f0!3f0!3m2!1i1024!2i768!4f13.1!3m3!1m2!1s0x480675a3c1872439%3A0x22d3e0a44050fe83!2sRue%20des%20Tisserands%2C%2044190%20Clisson!5e0!3m2!1sfr!2sfr!4v1645102929666!5m2!1sfr!2sfr\" style=\"border:0;\" allowfullscreen=\"\" loading=\"lazy\" width=\"600\" height=\"250\"><\/iframe>\n<hr>\n\n\n\n<p class=\"has-luminous-vivid-amber-color has-text-color has-medium-font-size\">Parcours \u00e0 la Bruffi\u00e8re (85) : la Colardi\u00e8re<\/p>\n\n\n\n<div class=\"wp-block-buttons is-layout-flex wp-block-buttons-is-layout-flex\">\n<div class=\"wp-block-button has-custom-width wp-block-button__width-100 is-style-outline is-style-outline--3\"><a class=\"wp-block-button__link\" href=\"https:\/\/orient-nature.live\/kroumir\/accueil.php\" target=\"_blank\" rel=\"noreferrer noopener\">La Bruffi\u00e8re : la Colardi\u00e8re<\/a><\/div>\n<\/div>\n\n\n\n<div style=\"height:25px\" aria-hidden=\"true\" class=\"wp-block-spacer\"><\/div>\n\n\n\n<iframe src=\"https:\/\/www.google.com\/maps\/embed?pb=!1m18!1m12!1m3!1d1814.8835534919156!2d-1.185681303619442!3d47.03526932228497!2m3!1f0!2f0!3f0!3m2!1i1024!2i768!4f13.1!3m3!1m2!1s0x480671e32232acff%3A0xa888df72fbb07dc8!2sLa%20Colardi%C3%A8re!5e0!3m2!1sfr!2sfr!4v1645103044581!5m2!1sfr!2sfr\" style=\"border:0;\" allowfullscreen=\"\" loading=\"lazy\" width=\"600\" height=\"250\"><\/iframe>\n<hr>\n","protected":false},"excerpt":{"rendered":"<p>Un grand merci \u00e0 Jean-Mi pour ces diff\u00e9rents parcours num\u00e9riques. Pour effectuer ces diff\u00e9rents parcours, il te faut un smartphone avec une connexion Internet (sur place, il n&rsquo;y a pas de Wifi) et GPS. Ton t\u00e9l\u00e9phone doit \u00eatre suffisamment charg\u00e9. Rends-toi sur un des parcours ci-dessous et cliques sur le bouton correspondant \u00e0 ton choix. [&hellip;]<\/p>\n","protected":false},"author":1,"featured_media":0,"parent":0,"menu_order":0,"comment_status":"closed","ping_status":"closed","template":"","meta":{"_editorskit_title_hidden":false,"_editorskit_reading_time":1,"_editorskit_is_block_options_detached":false,"_editorskit_block_options_position":"{}","site-sidebar-layout":"default","site-content-layout":"","ast-site-content-layout":"default","site-content-style":"default","site-sidebar-style":"default","ast-global-header-display":"","ast-banner-title-visibility":"","ast-main-header-display":"","ast-hfb-above-header-display":"","ast-hfb-below-header-display":"","ast-hfb-mobile-header-display":"","site-post-title":"","ast-breadcrumbs-content":"","ast-featured-img":"","footer-sml-layout":"","theme-transparent-header-meta":"","adv-header-id-meta":"","stick-header-meta":"","header-above-stick-meta":"","header-main-stick-meta":"","header-below-stick-meta":"","astra-migrate-meta-layouts":"default","ast-page-background-enabled":"default","ast-page-background-meta":{"desktop":{"background-color":"var(--ast-global-color-4)","background-image":"","background-repeat":"repeat","background-position":"center center","background-size":"auto","background-attachment":"scroll","background-type":"","background-media":"","overlay-type":"","overlay-color":"","overlay-opacity":"","overlay-gradient":""},"tablet":{"background-color":"","background-image":"","background-repeat":"repeat","background-position":"center center","background-size":"auto","background-attachment":"scroll","background-type":"","background-media":"","overlay-type":"","overlay-color":"","overlay-opacity":"","overlay-gradient":""},"mobile":{"background-color":"","background-image":"","background-repeat":"repeat","background-position":"center center","background-size":"auto","background-attachment":"scroll","background-type":"","background-media":"","overlay-type":"","overlay-color":"","overlay-opacity":"","overlay-gradient":""}},"ast-content-background-meta":{"desktop":{"background-color":"var(--ast-global-color-5)","background-image":"","background-repeat":"repeat","background-position":"center center","background-size":"auto","background-attachment":"scroll","background-type":"","background-media":"","overlay-type":"","overlay-color":"","overlay-opacity":"","overlay-gradient":""},"tablet":{"background-color":"var(--ast-global-color-5)","background-image":"","background-repeat":"repeat","background-position":"center center","background-size":"auto","background-attachment":"scroll","background-type":"","background-media":"","overlay-type":"","overlay-color":"","overlay-opacity":"","overlay-gradient":""},"mobile":{"background-color":"var(--ast-global-color-5)","background-image":"","background-repeat":"repeat","background-position":"center center","background-size":"auto","background-attachment":"scroll","background-type":"","background-media":"","overlay-type":"","overlay-color":"","overlay-opacity":"","overlay-gradient":""}},"footnotes":""},"class_list":["post-154","page","type-page","status-publish","hentry"],"_links":{"self":[{"href":"https:\/\/raidlandesaventure.fr\/index.php?rest_route=\/wp\/v2\/pages\/154","targetHints":{"allow":["GET"]}}],"collection":[{"href":"https:\/\/raidlandesaventure.fr\/index.php?rest_route=\/wp\/v2\/pages"}],"about":[{"href":"https:\/\/raidlandesaventure.fr\/index.php?rest_route=\/wp\/v2\/types\/page"}],"author":[{"embeddable":true,"href":"https:\/\/raidlandesaventure.fr\/index.php?rest_route=\/wp\/v2\/users\/1"}],"replies":[{"embeddable":true,"href":"https:\/\/raidlandesaventure.fr\/index.php?rest_route=%2Fwp%2Fv2%2Fcomments&post=154"}],"version-history":[{"count":20,"href":"https:\/\/raidlandesaventure.fr\/index.php?rest_route=\/wp\/v2\/pages\/154\/revisions"}],"predecessor-version":[{"id":181,"href":"https:\/\/raidlandesaventure.fr\/index.php?rest_route=\/wp\/v2\/pages\/154\/revisions\/181"}],"wp:attachment":[{"href":"https:\/\/raidlandesaventure.fr\/index.php?rest_route=%2Fwp%2Fv2%2Fmedia&parent=154"}],"curies":[{"name":"wp","href":"https:\/\/api.w.org\/{rel}","templated":true}]}}